{"id":29469,"date":"2026-04-17T09:35:52","date_gmt":"2026-04-17T14:35:52","guid":{"rendered":"https:\/\/new.gmn.com.co\/?post_type=product&#038;p=29469"},"modified":"2026-04-17T09:36:25","modified_gmt":"2026-04-17T14:36:25","slug":"yellow-joy-100g","status":"publish","type":"product","link":"https:\/\/new.gmn.com.co\/index.php\/producto\/yellow-joy-100g\/","title":{"rendered":"YELLOW &amp; JOY 100g"},"content":{"rendered":"<p>\u00bfQu\u00e9 es?<\/p>\n<p>Alimento en polvo para preparar bebida a base de linaza e inulina, buena fuente de fibra, bajo en calor\u00edas, muy bajo en sodio, con naranja, mandarina, ar\u00e1ndano, acai, lim\u00f3n, c\u00farcuma, polen y jengibre con sabor artificial a pi\u00f1a.<\/p>\n<p>Contiene<\/p>\n<p>Acai<br \/>\nPolen<br \/>\nJengibre<br \/>\nC\u00farcuma<\/p>\n<p>\u00bfC\u00f3mo consumirla?<br \/>\nDisuelva 1 cucharada (10 g) del producto en 1 vaso (200 ml) con agua, consuma una vez preparado<\/p>\n<p>Porciones<br \/>\nAprox 10 porciones<\/p>\n","protected":false},"excerpt":{"rendered":"<p>\u00bfQu\u00e9 es? Alimento en polvo para preparar bebida a base de linaza e inulina, buena fuente de fibra, bajo en<\/p>\n","protected":false},"featured_media":29521,"comment_status":"closed","ping_status":"closed","template":"","meta":[],"product_brand":[],"product_cat":[160],"product_tag":[],"class_list":{"0":"post-29469","1":"product","2":"type-product","3":"status-publish","4":"has-post-thumbnail","6":"product_cat-batidos","8":"first","9":"instock","10":"shipping-taxable","11":"purchasable","12":"product-type-simple"},"_links":{"self":[{"href":"https:\/\/new.gmn.com.co\/index.php\/wp-json\/wp\/v2\/product\/29469","targetHints":{"allow":["GET"]}}],"collection":[{"href":"https:\/\/new.gmn.com.co\/index.php\/wp-json\/wp\/v2\/product"}],"about":[{"href":"https:\/\/new.gmn.com.co\/index.php\/wp-json\/wp\/v2\/types\/product"}],"replies":[{"embeddable":true,"href":"https:\/\/new.gmn.com.co\/index.php\/wp-json\/wp\/v2\/comments?post=29469"}],"version-history":[{"count":1,"href":"https:\/\/new.gmn.com.co\/index.php\/wp-json\/wp\/v2\/product\/29469\/revisions"}],"predecessor-version":[{"id":29522,"href":"https:\/\/new.gmn.com.co\/index.php\/wp-json\/wp\/v2\/product\/29469\/revisions\/29522"}],"wp:featuredmedia":[{"embeddable":true,"href":"https:\/\/new.gmn.com.co\/index.php\/wp-json\/wp\/v2\/media\/29521"}],"wp:attachment":[{"href":"https:\/\/new.gmn.com.co\/index.php\/wp-json\/wp\/v2\/media?parent=29469"}],"wp:term":[{"taxonomy":"product_brand","embeddable":true,"href":"https:\/\/new.gmn.com.co\/index.php\/wp-json\/wp\/v2\/product_brand?post=29469"},{"taxonomy":"product_cat","embeddable":true,"href":"https:\/\/new.gmn.com.co\/index.php\/wp-json\/wp\/v2\/product_cat?post=29469"},{"taxonomy":"product_tag","embeddable":true,"href":"https:\/\/new.gmn.com.co\/index.php\/wp-json\/wp\/v2\/product_tag?post=29469"}],"curies":[{"name":"wp","href":"https:\/\/api.w.org\/{rel}","templated":true}]}}