{"id":29417,"date":"2026-04-17T09:35:32","date_gmt":"2026-04-17T14:35:32","guid":{"rendered":"https:\/\/new.gmn.com.co\/?post_type=product&#038;p=29417"},"modified":"2026-04-17T09:36:23","modified_gmt":"2026-04-17T14:36:23","slug":"green-joy-100g","status":"publish","type":"product","link":"https:\/\/new.gmn.com.co\/index.php\/producto\/green-joy-100g\/","title":{"rendered":"GREEN &amp; JOY 100g"},"content":{"rendered":"<p>\u00bfQu\u00e9 es?<br \/>\nAlimento en polvo para preparar bebida a base de linaza e inulina, buena fuente de fibra, bajo en calor\u00edas, muy bajo en sodio, con manzana verde, psyllium, pi\u00f1a, espirulina pepino, espinaca y apio con sabor artificial a sand\u00eda menta.<\/p>\n<p>Contiene<br \/>\nPepino<br \/>\nEspinaca<br \/>\nEspirulina<\/p>\n<p>\u00bfC\u00f3mo consumirla?<br \/>\nDisuelva 1 cucharada (10 g) del producto en 1 vaso (200 ml) con agua, consuma una vez preparado<\/p>\n<p>Porciones<br \/>\nAprox 10 porciones<\/p>\n","protected":false},"excerpt":{"rendered":"<p>\u00bfQu\u00e9 es? Alimento en polvo para preparar bebida a base de linaza e inulina, buena fuente de fibra, bajo en<\/p>\n","protected":false},"featured_media":29515,"comment_status":"closed","ping_status":"closed","template":"","meta":[],"product_brand":[],"product_cat":[160],"product_tag":[],"class_list":{"0":"post-29417","1":"product","2":"type-product","3":"status-publish","4":"has-post-thumbnail","6":"product_cat-batidos","8":"first","9":"instock","10":"shipping-taxable","11":"purchasable","12":"product-type-simple"},"_links":{"self":[{"href":"https:\/\/new.gmn.com.co\/index.php\/wp-json\/wp\/v2\/product\/29417","targetHints":{"allow":["GET"]}}],"collection":[{"href":"https:\/\/new.gmn.com.co\/index.php\/wp-json\/wp\/v2\/product"}],"about":[{"href":"https:\/\/new.gmn.com.co\/index.php\/wp-json\/wp\/v2\/types\/product"}],"replies":[{"embeddable":true,"href":"https:\/\/new.gmn.com.co\/index.php\/wp-json\/wp\/v2\/comments?post=29417"}],"version-history":[{"count":1,"href":"https:\/\/new.gmn.com.co\/index.php\/wp-json\/wp\/v2\/product\/29417\/revisions"}],"predecessor-version":[{"id":29516,"href":"https:\/\/new.gmn.com.co\/index.php\/wp-json\/wp\/v2\/product\/29417\/revisions\/29516"}],"wp:featuredmedia":[{"embeddable":true,"href":"https:\/\/new.gmn.com.co\/index.php\/wp-json\/wp\/v2\/media\/29515"}],"wp:attachment":[{"href":"https:\/\/new.gmn.com.co\/index.php\/wp-json\/wp\/v2\/media?parent=29417"}],"wp:term":[{"taxonomy":"product_brand","embeddable":true,"href":"https:\/\/new.gmn.com.co\/index.php\/wp-json\/wp\/v2\/product_brand?post=29417"},{"taxonomy":"product_cat","embeddable":true,"href":"https:\/\/new.gmn.com.co\/index.php\/wp-json\/wp\/v2\/product_cat?post=29417"},{"taxonomy":"product_tag","embeddable":true,"href":"https:\/\/new.gmn.com.co\/index.php\/wp-json\/wp\/v2\/product_tag?post=29417"}],"curies":[{"name":"wp","href":"https:\/\/api.w.org\/{rel}","templated":true}]}}