{"id":29410,"date":"2026-04-17T09:35:32","date_gmt":"2026-04-17T14:35:32","guid":{"rendered":"https:\/\/new.gmn.com.co\/?post_type=product&#038;p=29410"},"modified":"2026-04-17T09:36:03","modified_gmt":"2026-04-17T14:36:03","slug":"mega-gainer-2-lb","status":"publish","type":"product","link":"https:\/\/new.gmn.com.co\/index.php\/producto\/mega-gainer-2-lb\/","title":{"rendered":"MEGA GAINER 2 lb"},"content":{"rendered":"<p>Cada porci\u00f3n preparada de <strong>MEGA GAINER<\/strong> te aporta:<br \/>\n\u2022 53 g.<br \/>\n\u2022 665 calor\u00edas.<br \/>\n\u2022 95 g.<\/p>\n<p><strong>Tama\u00f1o por porci\u00f3n:<\/strong> 180 g.<\/p>\n<p><strong>N\u00famero de porciones por envase:<\/strong> Aprox. 5.<\/p>\n<p><strong>Contiene:<\/strong> Leche (lactosa), soja, huevo y cereales con gluten.<\/p>\n<p><strong>Puede contener:<\/strong> trazas de trigo, apio, mostaza, sulfitos, nueces de \u00e1rbol y productos derivados, as\u00ed como pescados y productos elaborados con ellos.<\/p>\n<p><strong>Preparaci\u00f3n: <\/strong>Cada porci\u00f3n de <strong>MEGA GAINER<\/strong> equivale a 6 cucharadas medidoras (180 g), que deben reconstruirse en 1200 ml de agua.<\/p>\n<p><strong>Registro Sanitario RSA-002405-2016<\/strong><\/p>\n","protected":false},"excerpt":{"rendered":"<p>Mezcla en polvo a base de prote\u00edna aislada de suero de leche para preparar bebida, sin colorantes adicionados, sin az\u00facar a\u00f1adido y sin conservantes con avena molida, almid\u00f3n de ma\u00edz ceroso (amilopectina), palatinosa, harina de arroz, harina de quinua y MCT (Triglic\u00e9ridos de cadena media), con sabor artificial a Vainilla gourmet.<\/p>\n","protected":false},"featured_media":29489,"comment_status":"closed","ping_status":"closed","template":"","meta":[],"product_brand":[],"product_cat":[128],"product_tag":[129],"class_list":{"0":"post-29410","1":"product","2":"type-product","3":"status-publish","4":"has-post-thumbnail","6":"product_cat-proteinas","7":"product_tag-vendidos","9":"first","10":"instock","11":"featured","12":"shipping-taxable","13":"purchasable","14":"product-type-simple"},"_links":{"self":[{"href":"https:\/\/new.gmn.com.co\/index.php\/wp-json\/wp\/v2\/product\/29410","targetHints":{"allow":["GET"]}}],"collection":[{"href":"https:\/\/new.gmn.com.co\/index.php\/wp-json\/wp\/v2\/product"}],"about":[{"href":"https:\/\/new.gmn.com.co\/index.php\/wp-json\/wp\/v2\/types\/product"}],"replies":[{"embeddable":true,"href":"https:\/\/new.gmn.com.co\/index.php\/wp-json\/wp\/v2\/comments?post=29410"}],"version-history":[{"count":1,"href":"https:\/\/new.gmn.com.co\/index.php\/wp-json\/wp\/v2\/product\/29410\/revisions"}],"predecessor-version":[{"id":29490,"href":"https:\/\/new.gmn.com.co\/index.php\/wp-json\/wp\/v2\/product\/29410\/revisions\/29490"}],"wp:featuredmedia":[{"embeddable":true,"href":"https:\/\/new.gmn.com.co\/index.php\/wp-json\/wp\/v2\/media\/29489"}],"wp:attachment":[{"href":"https:\/\/new.gmn.com.co\/index.php\/wp-json\/wp\/v2\/media?parent=29410"}],"wp:term":[{"taxonomy":"product_brand","embeddable":true,"href":"https:\/\/new.gmn.com.co\/index.php\/wp-json\/wp\/v2\/product_brand?post=29410"},{"taxonomy":"product_cat","embeddable":true,"href":"https:\/\/new.gmn.com.co\/index.php\/wp-json\/wp\/v2\/product_cat?post=29410"},{"taxonomy":"product_tag","embeddable":true,"href":"https:\/\/new.gmn.com.co\/index.php\/wp-json\/wp\/v2\/product_tag?post=29410"}],"curies":[{"name":"wp","href":"https:\/\/api.w.org\/{rel}","templated":true}]}}