{"id":29347,"date":"2026-04-17T09:35:12","date_gmt":"2026-04-17T14:35:12","guid":{"rendered":"https:\/\/new.gmn.com.co\/?post_type=product&#038;p=29347"},"modified":"2026-04-17T09:35:55","modified_gmt":"2026-04-17T14:35:55","slug":"be-one-3-lb","status":"publish","type":"product","link":"https:\/\/new.gmn.com.co\/index.php\/producto\/be-one-3-lb\/","title":{"rendered":"Be One 3 Lb"},"content":{"rendered":"<p>Cada porci\u00f3n preparada de\u00a0 <strong>BE ONE<\/strong> te aporta:<br \/>\n\u2022 25 g de prote\u00edna por porci\u00f3n.<br \/>\n\u2022 Solo 103 calor\u00edas.<\/p>\n<p><strong>Sin conservantes<\/strong><\/p>\n<p><strong>Tama\u00f1o por porci\u00f3n:<\/strong> 1 vaso equivalente a 200 ml (1 cuchara medidora equivalente a 28g)<\/p>\n<p><strong>N\u00famero de porciones por envase:<\/strong> 49 porciones.<\/p>\n<p><strong>Puede contener:<\/strong> leche, trazas de soya, huevo, cereales con gluten, trigo, apio, mostaza, sulfitos, nueces de \u00e1rbol y productos derivados, as\u00ed como, pescados y productos elaborados con ellos.<\/p>\n<p><strong>Preparaci\u00f3n: <\/strong>Disuelva 1 cucharada medidora (28g) de <strong>BE ONE<\/strong> en 1 vaso (200 ml) de agua y consuma en el menor tiempo posible.<\/p>\n<p><strong>Registro sanitario: RSA-002405-2016<\/strong><\/p>\n","protected":false},"excerpt":{"rendered":"<p>Mezcla en polvo a base de prote\u00edna aislada de suero de leche para preparar bebida, sin colorantes adicionados, sin az\u00facar a\u00f1adido y sin conservantes; con sabor artificial a vainilla gourmet.<\/p>\n","protected":false},"featured_media":29474,"comment_status":"closed","ping_status":"closed","template":"","meta":[],"product_brand":[],"product_cat":[128],"product_tag":[131],"class_list":{"0":"post-29347","1":"product","2":"type-product","3":"status-publish","4":"has-post-thumbnail","6":"product_cat-proteinas","7":"product_tag-destacados","9":"first","10":"instock","11":"shipping-taxable","12":"purchasable","13":"product-type-simple"},"_links":{"self":[{"href":"https:\/\/new.gmn.com.co\/index.php\/wp-json\/wp\/v2\/product\/29347","targetHints":{"allow":["GET"]}}],"collection":[{"href":"https:\/\/new.gmn.com.co\/index.php\/wp-json\/wp\/v2\/product"}],"about":[{"href":"https:\/\/new.gmn.com.co\/index.php\/wp-json\/wp\/v2\/types\/product"}],"replies":[{"embeddable":true,"href":"https:\/\/new.gmn.com.co\/index.php\/wp-json\/wp\/v2\/comments?post=29347"}],"version-history":[{"count":1,"href":"https:\/\/new.gmn.com.co\/index.php\/wp-json\/wp\/v2\/product\/29347\/revisions"}],"predecessor-version":[{"id":29475,"href":"https:\/\/new.gmn.com.co\/index.php\/wp-json\/wp\/v2\/product\/29347\/revisions\/29475"}],"wp:featuredmedia":[{"embeddable":true,"href":"https:\/\/new.gmn.com.co\/index.php\/wp-json\/wp\/v2\/media\/29474"}],"wp:attachment":[{"href":"https:\/\/new.gmn.com.co\/index.php\/wp-json\/wp\/v2\/media?parent=29347"}],"wp:term":[{"taxonomy":"product_brand","embeddable":true,"href":"https:\/\/new.gmn.com.co\/index.php\/wp-json\/wp\/v2\/product_brand?post=29347"},{"taxonomy":"product_cat","embeddable":true,"href":"https:\/\/new.gmn.com.co\/index.php\/wp-json\/wp\/v2\/product_cat?post=29347"},{"taxonomy":"product_tag","embeddable":true,"href":"https:\/\/new.gmn.com.co\/index.php\/wp-json\/wp\/v2\/product_tag?post=29347"}],"curies":[{"name":"wp","href":"https:\/\/api.w.org\/{rel}","templated":true}]}}