{"id":29267,"date":"2026-04-17T09:34:12","date_gmt":"2026-04-17T14:34:12","guid":{"rendered":"https:\/\/new.gmn.com.co\/?post_type=product&#038;p=29267"},"modified":"2026-04-17T09:35:32","modified_gmt":"2026-04-17T14:35:32","slug":"creatina-monohidrato-100-pura-300-g","status":"publish","type":"product","link":"https:\/\/new.gmn.com.co\/index.php\/producto\/creatina-monohidrato-100-pura-300-g\/","title":{"rendered":"Creatina Monohidrato 100% Pura 300 g"},"content":{"rendered":"<p><strong>MODO DE PREPARACI\u00d3N<\/strong><\/p>\n<p>tomar una cucharada (3 g) diariamente. (1)\u00a0Cuchara dosificadora incluida. Mezclar con agua o con la bebida de su preferencia. Se sugiere su consumo dentro de los 10 minutos siguientes a su\u00a0reconstituci\u00f3n<\/p>\n<p><strong>INGREDIENTES<\/strong><\/p>\n<p>Creatina Monohidrato<\/p>\n<p><strong>M\u00e9todo de conservaci\u00f3n:<\/strong> El producto debe estar almacenado en su empaque original a temperatura inferior a 30\u00b0C y a una humedad relativa inferior a 75%. No introducir elementos h\u00famedos, despu\u00e9s de abierto consumase en el menor tiempo posible.<\/p>\n<p>Reg Sanitario: SD2024-0004727<\/p>\n","protected":false},"excerpt":{"rendered":"<p>La creatina monohidratada es uno de los suplementos m\u00e1s populares y con mayor respaldo cient\u00edfico en el mundo del fitness y la nutrici\u00f3n deportiva.\u00a0 Disfruta de nuestra nueva creatina monohidrato, un Suplemento dietario sin sabor y apto para todas las personas.<\/p>\n<ul>\n<li>100% pura<\/li>\n<li>100 servicios<\/li>\n<li>3 g de creatina monohidrato por porci\u00f3n<\/li>\n<\/ul>\n","protected":false},"featured_media":29404,"comment_status":"closed","ping_status":"closed","template":"","meta":[],"product_brand":[],"product_cat":[146],"product_tag":[],"class_list":{"0":"post-29267","1":"product","2":"type-product","3":"status-publish","4":"has-post-thumbnail","6":"product_cat-creatina","8":"first","9":"instock","10":"shipping-taxable","11":"purchasable","12":"product-type-simple"},"_links":{"self":[{"href":"https:\/\/new.gmn.com.co\/index.php\/wp-json\/wp\/v2\/product\/29267","targetHints":{"allow":["GET"]}}],"collection":[{"href":"https:\/\/new.gmn.com.co\/index.php\/wp-json\/wp\/v2\/product"}],"about":[{"href":"https:\/\/new.gmn.com.co\/index.php\/wp-json\/wp\/v2\/types\/product"}],"replies":[{"embeddable":true,"href":"https:\/\/new.gmn.com.co\/index.php\/wp-json\/wp\/v2\/comments?post=29267"}],"version-history":[{"count":1,"href":"https:\/\/new.gmn.com.co\/index.php\/wp-json\/wp\/v2\/product\/29267\/revisions"}],"predecessor-version":[{"id":29405,"href":"https:\/\/new.gmn.com.co\/index.php\/wp-json\/wp\/v2\/product\/29267\/revisions\/29405"}],"wp:featuredmedia":[{"embeddable":true,"href":"https:\/\/new.gmn.com.co\/index.php\/wp-json\/wp\/v2\/media\/29404"}],"wp:attachment":[{"href":"https:\/\/new.gmn.com.co\/index.php\/wp-json\/wp\/v2\/media?parent=29267"}],"wp:term":[{"taxonomy":"product_brand","embeddable":true,"href":"https:\/\/new.gmn.com.co\/index.php\/wp-json\/wp\/v2\/product_brand?post=29267"},{"taxonomy":"product_cat","embeddable":true,"href":"https:\/\/new.gmn.com.co\/index.php\/wp-json\/wp\/v2\/product_cat?post=29267"},{"taxonomy":"product_tag","embeddable":true,"href":"https:\/\/new.gmn.com.co\/index.php\/wp-json\/wp\/v2\/product_tag?post=29267"}],"curies":[{"name":"wp","href":"https:\/\/api.w.org\/{rel}","templated":true}]}}