{"id":29266,"date":"2026-04-17T09:34:12","date_gmt":"2026-04-17T14:34:12","guid":{"rendered":"https:\/\/new.gmn.com.co\/?post_type=product&#038;p=29266"},"modified":"2026-04-17T09:35:30","modified_gmt":"2026-04-17T14:35:30","slug":"termogen-roll-on-80ml","status":"publish","type":"product","link":"https:\/\/new.gmn.com.co\/index.php\/producto\/termogen-roll-on-80ml\/","title":{"rendered":"Termogen Roll On 80ml"},"content":{"rendered":"<p><strong>PRESENTACIONES<\/strong><\/p>\n<p>SPRAY 120ml (4 onz) $ 40.000<br \/>\nROLL ON 80ml (2.7 onz) $ 38.000<\/p>\n<p><strong><br \/>\nMODE DE USO<\/strong><\/p>\n<p>Aplicar sobre las zonas que considere necesarias, masajee suavemente y deje<br \/>\nactuar.<\/p>\n<p><strong>INGREDIENTES<\/strong><\/p>\n<p>\u2022 Cannabis<br \/>\n\u2022 Eucalipto<br \/>\n\u2022 Extracto de \u00c1rnica<br \/>\n\u2022 Salix Alba (Sauce Blanco)<br \/>\n\u2022 Extracto de Jengibre<br \/>\n\u2022 Palo santo<br \/>\n\u2022 Coffea Arabica (Caf\u00e9)<br \/>\n\u2022 Aceite de Cocos Nucifera (Coco)<br \/>\n\u2022 Aloe Vera<\/p>\n<p><strong>CONTRAINDICACIONES<\/strong><\/p>\n<p>\u2022 No debe ser utilizado por personas con patolog\u00edas dermatol\u00f3gicas.<br \/>\n\u2022 No utilizar en rostro, mucosas, axilas y\/o genitales.<br \/>\n\u2022 No aplicar sobre pieles irritadas o con heridas.<br \/>\n\u2022 No mezclar con otros productos.<br \/>\n\u2022 No utilizar en ni\u00f1os menores de 10 a\u00f1os.<br \/>\n\u2022 Si presenta alguna reacci\u00f3n al\u00e9rgica suspender su uso inmediatamente.<br \/>\n\u2022 No ingerir<\/p>\n","protected":false},"excerpt":{"rendered":"<p>Tratamiento dermot\u00e9rmico para aliviar dolores musculares y articulares, es producto innovador por su f\u00f3rmula \u00fanica que combina ingredientes cuidadosamente seleccionados para proporcionar confort y alivio, adem\u00e1s de brindar una sensaci\u00f3n de calor y fr\u00edo al instante.<\/p>\n<p><strong>BENEFICIOS<\/strong><br \/>\n\u2022 Alivio efectivo para dolores musculares y articulares<br \/>\n\u2022 Prepara los m\u00fasculos y las articulaciones para la actividad f\u00edsica<br \/>\n\u2022 Proporciona una sensaci\u00f3n de fr\u00edo y calor<br \/>\n\u2022 Contiene ingredientes con efectos antiinflamatorios y analg\u00e9sicos<br \/>\n\u2022 Brinda propiedades terap\u00e9uticas<br \/>\n\u2022 Agradable aroma a canela<br \/>\n\u2022 No reseca la piel<\/p>\n","protected":false},"featured_media":29402,"comment_status":"closed","ping_status":"closed","template":"","meta":[],"product_brand":[],"product_cat":[145],"product_tag":[],"class_list":{"0":"post-29266","1":"product","2":"type-product","3":"status-publish","4":"has-post-thumbnail","6":"product_cat-topicos","8":"first","9":"instock","10":"shipping-taxable","11":"purchasable","12":"product-type-simple"},"_links":{"self":[{"href":"https:\/\/new.gmn.com.co\/index.php\/wp-json\/wp\/v2\/product\/29266","targetHints":{"allow":["GET"]}}],"collection":[{"href":"https:\/\/new.gmn.com.co\/index.php\/wp-json\/wp\/v2\/product"}],"about":[{"href":"https:\/\/new.gmn.com.co\/index.php\/wp-json\/wp\/v2\/types\/product"}],"replies":[{"embeddable":true,"href":"https:\/\/new.gmn.com.co\/index.php\/wp-json\/wp\/v2\/comments?post=29266"}],"version-history":[{"count":1,"href":"https:\/\/new.gmn.com.co\/index.php\/wp-json\/wp\/v2\/product\/29266\/revisions"}],"predecessor-version":[{"id":29403,"href":"https:\/\/new.gmn.com.co\/index.php\/wp-json\/wp\/v2\/product\/29266\/revisions\/29403"}],"wp:featuredmedia":[{"embeddable":true,"href":"https:\/\/new.gmn.com.co\/index.php\/wp-json\/wp\/v2\/media\/29402"}],"wp:attachment":[{"href":"https:\/\/new.gmn.com.co\/index.php\/wp-json\/wp\/v2\/media?parent=29266"}],"wp:term":[{"taxonomy":"product_brand","embeddable":true,"href":"https:\/\/new.gmn.com.co\/index.php\/wp-json\/wp\/v2\/product_brand?post=29266"},{"taxonomy":"product_cat","embeddable":true,"href":"https:\/\/new.gmn.com.co\/index.php\/wp-json\/wp\/v2\/product_cat?post=29266"},{"taxonomy":"product_tag","embeddable":true,"href":"https:\/\/new.gmn.com.co\/index.php\/wp-json\/wp\/v2\/product_tag?post=29266"}],"curies":[{"name":"wp","href":"https:\/\/api.w.org\/{rel}","templated":true}]}}