{"id":29245,"date":"2026-04-17T09:34:12","date_gmt":"2026-04-17T14:34:12","guid":{"rendered":"https:\/\/new.gmn.com.co\/?post_type=product&#038;p=29245"},"modified":"2026-04-17T09:34:26","modified_gmt":"2026-04-17T14:34:26","slug":"nitro-mass-2lb","status":"publish","type":"product","link":"https:\/\/new.gmn.com.co\/index.php\/producto\/nitro-mass-2lb\/","title":{"rendered":"Nitro Mass 2lb"},"content":{"rendered":"<p>Cada porci\u00f3n de<strong> NITRO MASS<\/strong> te aporta:<br \/>\n. 32 g.<br \/>\n. 293 calor\u00edas.<br \/>\n. 35 g carbohidratos.<\/p>\n<p><strong>Tama\u00f1o por porci\u00f3n: <\/strong>2 vasos equivalentes a 480 ml (2 cucharas medidoras equivalentes a 80 g).<\/p>\n<p><strong>N\u00famero de porciones por envase:<\/strong> Aprox. 11.<\/p>\n<p><strong>Contiene:<\/strong> Leche (lactosa), soya, huevo y cereales con gluten. Puede contener trazas de trigo, apio, mostaza, sulfitos, nueces de \u00e1rbol y productos derivados, as\u00ed como pescados y productos elaborados con ellos.<\/p>\n<p><strong>Preparaci\u00f3n:<\/strong> Cada porci\u00f3n de NITRO MASS equivale a 2 cucharas medidoras (80 g), que se recomienda diluir en 1 vaso con agua (240 ml).<\/p>\n<p><strong>Registro Sanitario. RSA-002405-2016<\/strong><\/p>\n","protected":false},"excerpt":{"rendered":"<p>Mezcla en polvo a base de prote\u00edna aislada de suero de leche para preparar bebida, sin colorantes adicionados, sin az\u00facar a\u00f1adido y sin conservantes con avena molida, almid\u00f3n de ma\u00edz ceroso (amilopectrina), palatinosa, harina de arroz, harina de quinua y MCT (triglic\u00e9ridos de cadena media), con sabor artificial a Vainilla gourmet.<\/p>\n","protected":false},"featured_media":29290,"comment_status":"closed","ping_status":"closed","template":"","meta":[],"product_brand":[],"product_cat":[128],"product_tag":[131],"class_list":{"0":"post-29245","1":"product","2":"type-product","3":"status-publish","4":"has-post-thumbnail","6":"product_cat-proteinas","7":"product_tag-destacados","9":"first","10":"instock","11":"featured","12":"shipping-taxable","13":"purchasable","14":"product-type-simple"},"_links":{"self":[{"href":"https:\/\/new.gmn.com.co\/index.php\/wp-json\/wp\/v2\/product\/29245","targetHints":{"allow":["GET"]}}],"collection":[{"href":"https:\/\/new.gmn.com.co\/index.php\/wp-json\/wp\/v2\/product"}],"about":[{"href":"https:\/\/new.gmn.com.co\/index.php\/wp-json\/wp\/v2\/types\/product"}],"replies":[{"embeddable":true,"href":"https:\/\/new.gmn.com.co\/index.php\/wp-json\/wp\/v2\/comments?post=29245"}],"version-history":[{"count":1,"href":"https:\/\/new.gmn.com.co\/index.php\/wp-json\/wp\/v2\/product\/29245\/revisions"}],"predecessor-version":[{"id":29291,"href":"https:\/\/new.gmn.com.co\/index.php\/wp-json\/wp\/v2\/product\/29245\/revisions\/29291"}],"wp:featuredmedia":[{"embeddable":true,"href":"https:\/\/new.gmn.com.co\/index.php\/wp-json\/wp\/v2\/media\/29290"}],"wp:attachment":[{"href":"https:\/\/new.gmn.com.co\/index.php\/wp-json\/wp\/v2\/media?parent=29245"}],"wp:term":[{"taxonomy":"product_brand","embeddable":true,"href":"https:\/\/new.gmn.com.co\/index.php\/wp-json\/wp\/v2\/product_brand?post=29245"},{"taxonomy":"product_cat","embeddable":true,"href":"https:\/\/new.gmn.com.co\/index.php\/wp-json\/wp\/v2\/product_cat?post=29245"},{"taxonomy":"product_tag","embeddable":true,"href":"https:\/\/new.gmn.com.co\/index.php\/wp-json\/wp\/v2\/product_tag?post=29245"}],"curies":[{"name":"wp","href":"https:\/\/api.w.org\/{rel}","templated":true}]}}